{"id":3449,"date":"2023-03-07T16:30:30","date_gmt":"2023-03-07T15:30:30","guid":{"rendered":"https:\/\/flavouramabattle.com\/?page_id=3449"},"modified":"2026-03-20T18:01:32","modified_gmt":"2026-03-20T17:01:32","slug":"home-2","status":"publish","type":"page","link":"https:\/\/flavouramabattle.com\/de\/","title":{"rendered":"2026 Flavourama"},"content":{"rendered":"<div class=\"wpb-content-wrapper\"><p>[vc_row unlock_row_content=&#8220;yes&#8220; row_height_percent=&#8220;80&#8243; override_padding=&#8220;yes&#8220; h_padding=&#8220;0&#8243; top_padding=&#8220;0&#8243; bottom_padding=&#8220;0&#8243; back_image=&#8220;8966&#8243; overlay_alpha=&#8220;50&#8243; gutter_size=&#8220;3&#8243; column_width_percent=&#8220;100&#8243; shift_y=&#8220;0&#8243; z_index=&#8220;0&#8243; mobile_visibility=&#8220;yes&#8220; content_parallax=&#8220;0&#8243; uncode_shortcode_id=&#8220;155472&#8243; el_class=&#8220;extracontainer&#8220;][vc_column column_width_percent=&#8220;80&#8243; position_vertical=&#8220;bottom&#8220; gutter_size=&#8220;3&#8243; style=&#8220;dark&#8220; overlay_alpha=&#8220;50&#8243; shift_x=&#8220;2&#8243; shift_y=&#8220;-3&#8243; shift_y_down=&#8220;0&#8243; z_index=&#8220;0&#8243; medium_width=&#8220;0&#8243; mobile_visibility=&#8220;yes&#8220; mobile_width=&#8220;0&#8243; width=&#8220;1\/6&#8243; uncode_shortcode_id=&#8220;198030&#8243;][vc_icon position=&#8220;left&#8220; space_reduced=&#8220;yes&#8220; icon_image=&#8220;7606&#8243; media_size=&#8220;24 x 24&#8243; text_size=&#8220;h6&#8243; uncode_shortcode_id=&#8220;145798&#8243; title=&#8220;Vol. 18 | 2.9.\u20136.9.2026&#8243;][\/vc_icon][\/vc_column][vc_column column_width_percent=&#8220;100&#8243; position_vertical=&#8220;bottom&#8220; gutter_size=&#8220;3&#8243; style=&#8220;dark&#8220; overlay_alpha=&#8220;50&#8243; shift_x=&#8220;0&#8243; shift_y=&#8220;-3&#8243; shift_y_down=&#8220;0&#8243; z_index=&#8220;0&#8243; medium_width=&#8220;0&#8243; mobile_visibility=&#8220;yes&#8220; mobile_width=&#8220;0&#8243; width=&#8220;1\/6&#8243; uncode_shortcode_id=&#8220;162370&#8243;][vc_icon position=&#8220;left&#8220; icon_image=&#8220;7608&#8243; media_size=&#8220;22 x 22&#8243; text_size=&#8220;h6&#8243; uncode_shortcode_id=&#8220;911676&#8243; title=&#8220;\u00d6sterreich, Salzburg&#8220;][\/vc_icon][\/vc_column][vc_column column_width_percent=&#8220;100&#8243; position_horizontal=&#8220;right&#8220; position_vertical=&#8220;bottom&#8220; align_horizontal=&#8220;align_right&#8220; gutter_size=&#8220;3&#8243; overlay_alpha=&#8220;50&#8243; shift_x=&#8220;0&#8243; shift_y=&#8220;0&#8243; shift_y_down=&#8220;0&#8243; z_index=&#8220;0&#8243; medium_width=&#8220;0&#8243; mobile_width=&#8220;0&#8243; width=&#8220;1\/6&#8243; uncode_shortcode_id=&#8220;159917&#8243;][\/vc_column][vc_column column_width_percent=&#8220;80&#8243; position_horizontal=&#8220;right&#8220; position_vertical=&#8220;bottom&#8220; align_horizontal=&#8220;align_right&#8220; gutter_size=&#8220;3&#8243; overlay_alpha=&#8220;50&#8243; shift_x=&#8220;0&#8243; shift_y=&#8220;0&#8243; shift_y_down=&#8220;0&#8243; z_index=&#8220;0&#8243; medium_width=&#8220;0&#8243; mobile_width=&#8220;0&#8243; width=&#8220;1\/6&#8243; uncode_shortcode_id=&#8220;130216&#8243;][\/vc_column][vc_column column_width_percent=&#8220;100&#8243; position_horizontal=&#8220;right&#8220; position_vertical=&#8220;bottom&#8220; align_horizontal=&#8220;align_right&#8220; gutter_size=&#8220;3&#8243; overlay_alpha=&#8220;50&#8243; shift_x=&#8220;1&#8243; shift_y=&#8220;-3&#8243; shift_y_down=&#8220;0&#8243; z_index=&#8220;0&#8243; medium_width=&#8220;0&#8243; mobile_visibility=&#8220;yes&#8220; mobile_width=&#8220;0&#8243; width=&#8220;1\/6&#8243; uncode_shortcode_id=&#8220;133231&#8243;][\/vc_column][vc_column column_width_percent=&#8220;60&#8243; position_vertical=&#8220;bottom&#8220; align_horizontal=&#8220;align_center&#8220; gutter_size=&#8220;3&#8243; overlay_alpha=&#8220;50&#8243; shift_x=&#8220;0&#8243; shift_y=&#8220;-3&#8243; shift_y_down=&#8220;0&#8243; z_index=&#8220;0&#8243; medium_width=&#8220;0&#8243; mobile_visibility=&#8220;yes&#8220; mobile_width=&#8220;0&#8243; width=&#8220;1\/6&#8243; uncode_shortcode_id=&#8220;157362&#8243; css=&#8220;.vc_custom_1763867547229{padding-bottom: 50px !important;}&#8220; link_to=&#8220;url:https%3A%2F%2Fflavouramabattle.com%2Fde%2Fqualifiers%2F|title:Qualifiers&#8220;][\/vc_column][\/vc_row][vc_row unlock_row_content=&#8220;yes&#8220; row_height_percent=&#8220;0&#8243; override_padding=&#8220;yes&#8220; h_padding=&#8220;0&#8243; top_padding=&#8220;0&#8243; bottom_padding=&#8220;0&#8243; overlay_alpha=&#8220;50&#8243; gutter_size=&#8220;3&#8243; column_width_percent=&#8220;100&#8243; shift_y=&#8220;0&#8243; z_index=&#8220;0&#8243; desktop_visibility=&#8220;yes&#8220; medium_visibility=&#8220;yes&#8220; content_parallax=&#8220;0&#8243; uncode_shortcode_id=&#8220;122179&#8243;][vc_column width=&#8220;1\/1&#8243;][vc_single_image media=&#8220;9181&#8243; media_width_percent=&#8220;100&#8243; advanced_videos=&#8220;yes&#8220; mobile_videos=&#8220;autoplay&#8220; uncode_shortcode_id=&#8220;645654&#8243; media_link=&#8220;url:https%3A%2F%2Fwww.youtube.com%2Fwatch%3Fv%3DN0ch7VCG_qU&#8220;][\/vc_column][\/vc_row][vc_row unlock_row_content=&#8220;yes&#8220; row_height_percent=&#8220;0&#8243; override_padding=&#8220;yes&#8220; h_padding=&#8220;2&#8243; top_padding=&#8220;2&#8243; bottom_padding=&#8220;0&#8243; overlay_alpha=&#8220;50&#8243; gutter_size=&#8220;3&#8243; column_width_percent=&#8220;100&#8243; shift_y=&#8220;0&#8243; z_index=&#8220;0&#8243; auto_height_device=&#8220;yes&#8220; content_parallax=&#8220;0&#8243; uncode_shortcode_id=&#8220;732580&#8243;][vc_column width=&#8220;1\/1&#8243;][vc_empty_space empty_h=&#8220;0&#8243;][\/vc_column][\/vc_row][vc_row unlock_row_content=&#8220;yes&#8220; row_height_percent=&#8220;0&#8243; override_padding=&#8220;yes&#8220; h_padding=&#8220;2&#8243; top_padding=&#8220;2&#8243; bottom_padding=&#8220;0&#8243; overlay_alpha=&#8220;50&#8243; gutter_size=&#8220;3&#8243; column_width_percent=&#8220;100&#8243; shift_y=&#8220;0&#8243; z_index=&#8220;0&#8243; auto_height_device=&#8220;yes&#8220; content_parallax=&#8220;0&#8243; uncode_shortcode_id=&#8220;108625&#8243;][vc_column width=&#8220;1\/1&#8243;][vc_custom_heading text_color=&#8220;color-213863&#8243; heading_semantic=&#8220;h1&#8243; text_size=&#8220;h1&#8243; text_height=&#8220;fontheight-271580&#8243; uncode_shortcode_id=&#8220;191922&#8243; text_color_type=&#8220;uncode-palette&#8220;]Flavourama 2026[\/vc_custom_heading][\/vc_column][\/vc_row][vc_row unlock_row_content=&#8220;yes&#8220; row_height_percent=&#8220;0&#8243; override_padding=&#8220;yes&#8220; h_padding=&#8220;2&#8243; top_padding=&#8220;2&#8243; bottom_padding=&#8220;0&#8243; overlay_alpha=&#8220;50&#8243; gutter_size=&#8220;3&#8243; column_width_percent=&#8220;100&#8243; shift_y=&#8220;0&#8243; z_index=&#8220;0&#8243; auto_height_device=&#8220;yes&#8220; content_parallax=&#8220;0&#8243; uncode_shortcode_id=&#8220;732580&#8243;][vc_column width=&#8220;1\/1&#8243;][vc_empty_space empty_h=&#8220;0&#8243;][\/vc_column][\/vc_row][vc_row unlock_row_content=&#8220;yes&#8220; row_height_percent=&#8220;0&#8243; override_padding=&#8220;yes&#8220; h_padding=&#8220;5&#8243; top_padding=&#8220;0&#8243; bottom_padding=&#8220;2&#8243; overlay_alpha=&#8220;50&#8243; gutter_size=&#8220;3&#8243; column_width_percent=&#8220;100&#8243; shift_y=&#8220;0&#8243; z_index=&#8220;0&#8243; content_parallax=&#8220;0&#8243; uncode_shortcode_id=&#8220;184433&#8243;][vc_column column_width_percent=&#8220;100&#8243; align_horizontal=&#8220;align_center&#8220; gutter_size=&#8220;3&#8243; overlay_alpha=&#8220;50&#8243; radius=&#8220;lg&#8220; border_color=&#8220;color-213863&#8243; border_style=&#8220;solid&#8220; shift_x=&#8220;0&#8243; shift_y=&#8220;0&#8243; shift_y_down=&#8220;0&#8243; z_index=&#8220;0&#8243; medium_width=&#8220;0&#8243; mobile_width=&#8220;0&#8243; width=&#8220;1\/1&#8243; uncode_shortcode_id=&#8220;168786&#8243; border_color_type=&#8220;uncode-palette&#8220; css=&#8220;.vc_custom_1771176825903{border-top-width: 2px !important;border-right-width: 2px !important;border-bottom-width: 2px !important;border-left-width: 2px !important;padding-top: 50px !important;padding-right: 50px !important;padding-bottom: 50px !important;padding-left: 50px !important;}&#8220;][vc_custom_heading text_color=&#8220;color-213863&#8243; heading_semantic=&#8220;h3&#8243; text_size=&#8220;custom&#8220; uncode_shortcode_id=&#8220;144848&#8243; heading_custom_size=&#8220;30&#8243; text_color_type=&#8220;uncode-palette&#8220;]<strong>COMING SOON<br \/>\nVolume 18<\/strong>[\/vc_custom_heading][vc_custom_heading text_color=&#8220;color-jevc&#8220; text_size=&#8220;custom&#8220; uncode_shortcode_id=&#8220;207511&#8243; heading_custom_size=&#8220;30&#8243; text_color_type=&#8220;uncode-palette&#8220;]Flavourama Festival 2026<br \/>\n2.9.\u20136.9.2026<br \/>\nSalzburg, Austria[\/vc_custom_heading][vc_button button_color=&#8220;color-213863&#8243; radius=&#8220;btn-circle&#8220; border_width=&#8220;0&#8243; button_color_type=&#8220;uncode-palette&#8220; uncode_shortcode_id=&#8220;385061&#8243; link=&#8220;url:https%3A%2F%2Fflavouramabattle.com%2Ftickets-2026%2F|title:Tickets|target:_blank&#8220;]Zu den Tickets[\/vc_button][\/vc_column][\/vc_row][vc_row unlock_row_content=&#8220;yes&#8220; row_height_percent=&#8220;0&#8243; override_padding=&#8220;yes&#8220; h_padding=&#8220;2&#8243; top_padding=&#8220;2&#8243; bottom_padding=&#8220;0&#8243; overlay_alpha=&#8220;50&#8243; gutter_size=&#8220;3&#8243; column_width_percent=&#8220;100&#8243; shift_y=&#8220;0&#8243; z_index=&#8220;0&#8243; auto_height_device=&#8220;yes&#8220; content_parallax=&#8220;0&#8243; uncode_shortcode_id=&#8220;732580&#8243;][vc_column width=&#8220;1\/1&#8243;][vc_empty_space empty_h=&#8220;0&#8243;][\/vc_column][\/vc_row][vc_row unlock_row_content=&#8220;yes&#8220; row_height_percent=&#8220;0&#8243; override_padding=&#8220;yes&#8220; h_padding=&#8220;5&#8243; top_padding=&#8220;0&#8243; bottom_padding=&#8220;2&#8243; overlay_alpha=&#8220;50&#8243; gutter_size=&#8220;3&#8243; column_width_percent=&#8220;100&#8243; shift_y=&#8220;0&#8243; z_index=&#8220;0&#8243; content_parallax=&#8220;0&#8243; uncode_shortcode_id=&#8220;145598&#8243;][vc_column column_width_percent=&#8220;100&#8243; gutter_size=&#8220;3&#8243; overlay_alpha=&#8220;50&#8243; shift_x=&#8220;0&#8243; shift_y=&#8220;2&#8243; shift_y_down=&#8220;0&#8243; z_index=&#8220;0&#8243; medium_width=&#8220;0&#8243; mobile_width=&#8220;0&#8243; width=&#8220;1\/2&#8243; uncode_shortcode_id=&#8220;336186&#8243;][vc_column_text uncode_shortcode_id=&#8220;421066&#8243;]Die 17. Ausgabe von Flavourama brachte vier Tage lang Weltklasse-Tanz, Kultur und Begegnung nach Salzburg.<\/p>\n<p>Als eines der f\u00fchrenden Festivals f\u00fcr Hip Hop und House Dance in Europa feierte Flavourama weiterhin die Street- und Clubkultur mit einem starken Fokus auf k\u00fcnstlerischer Qualit\u00e4t, Tiefe und bedeutungsvollem Austausch.<\/p>\n<p>An vier lebhaften Tagen bot das Festival ein kuratiertes Programm mit Workshops, Performances, Partys, Diskussionen und Community-Treffen, das T\u00e4nzer und Enthusiasten aus aller Welt anzog. Der H\u00f6hepunkt der Veranstaltung war das mit Spannung erwartete Flavourama-Finale in der SZENE Salzburg, bei dem internationale Talente ihre F\u00e4higkeiten auf einer globalen B\u00fchne pr\u00e4sentierten.<\/p>\n<p>Bleiben Sie dran, denn wir werden weiter wachsen, uns vernetzen und gemeinsam die Tanzkultur feiern.[\/vc_column_text][\/vc_column][vc_column column_width_percent=&#8220;100&#8243; gutter_size=&#8220;3&#8243; overlay_alpha=&#8220;50&#8243; shift_x=&#8220;0&#8243; shift_y=&#8220;0&#8243; shift_y_down=&#8220;0&#8243; z_index=&#8220;0&#8243; medium_width=&#8220;0&#8243; mobile_width=&#8220;0&#8243; width=&#8220;1\/2&#8243; uncode_shortcode_id=&#8220;519937&#8243;][vc_single_image media=&#8220;8922&#8243; media_width_percent=&#8220;100&#8243; shape=&#8220;img-round&#8220; radius=&#8220;std&#8220; uncode_shortcode_id=&#8220;688491&#8243;][\/vc_column][\/vc_row][vc_row unlock_row_content=&#8220;yes&#8220; row_height_percent=&#8220;0&#8243; override_padding=&#8220;yes&#8220; h_padding=&#8220;2&#8243; top_padding=&#8220;2&#8243; bottom_padding=&#8220;2&#8243; overlay_alpha=&#8220;50&#8243; gutter_size=&#8220;3&#8243; column_width_percent=&#8220;100&#8243; shift_y=&#8220;0&#8243; z_index=&#8220;0&#8243; content_parallax=&#8220;0&#8243; uncode_shortcode_id=&#8220;135188&#8243;][vc_column column_width_percent=&#8220;100&#8243; gutter_size=&#8220;0&#8243; overlay_alpha=&#8220;50&#8243; shift_x=&#8220;0&#8243; shift_y=&#8220;0&#8243; shift_y_down=&#8220;0&#8243; z_index=&#8220;0&#8243; medium_width=&#8220;0&#8243; mobile_width=&#8220;0&#8243; width=&#8220;1\/1&#8243; uncode_shortcode_id=&#8220;208078&#8243;][vc_custom_heading text_color=&#8220;color-213863&#8243; text_size=&#8220;h3&#8243; text_height=&#8220;fontheight-271580&#8243; uncode_shortcode_id=&#8220;189910&#8243; text_color_type=&#8220;uncode-palette&#8220;]Sponsoren[\/vc_custom_heading][vc_gallery el_id=&#8220;gallery-85457&#8243; type=&#8220;carousel&#8220; medias=&#8220;4297,4307,7240,7529&#8243; carousel_lg=&#8220;7&#8243; carousel_md=&#8220;7&#8243; carousel_sm=&#8220;3&#8243; gutter_size=&#8220;5&#8243; media_items=&#8220;media|custom_link|original,icon&#8220; carousel_interval=&#8220;3000&#8243; carousel_navspeed=&#8220;400&#8243; stage_padding=&#8220;0&#8243; single_overlay_opacity=&#8220;50&#8243; single_overlay_anim=&#8220;no&#8220; single_text_anim=&#8220;no&#8220; single_image_anim=&#8220;no&#8220; single_padding=&#8220;2&#8243; single_border=&#8220;yes&#8220; uncode_shortcode_id=&#8220;138609&#8243; items=&#8220;eyIyODE3X2kiOnsic2luZ2xlX2xpbmsiOiJ1cmw6aHR0cHMlM0ElMkYlMkZ3d3cuc25pcGVzLmNvbSUyRiIsInNpbmdsZV9sYXlvdXRfbWVkaWFfaXRlbXMiOiJtZWRpYXxjdXN0b21fbGlua3xvcmlnaW5hbCxpY29uIn0sIjI4MThfaSI6eyJzaW5nbGVfbGluayI6InVybDpodHRwcyUzQSUyRiUyRnd3dy53b2VybGUuYXQlMkYiLCJzaW5nbGVfbGF5b3V0X21lZGlhX2l0ZW1zIjoibWVkaWF8Y3VzdG9tX2xpbmt8b3JpZ2luYWwsaWNvbiJ9LCIyODE2X2kiOnsic2luZ2xlX2xpbmsiOiJ1cmw6aHR0cHMlM0ElMkYlMkZ3d3cuc2FsemJ1cmcuZ3YuYXQlMkZ0aGVtZW4lMkZrdWx0dXIiLCJzaW5nbGVfbGF5b3V0X21lZGlhX2l0ZW1zIjoibWVkaWF8Y3VzdG9tX2xpbmt8b3JpZ2luYWwsaWNvbiJ9LCIyODE1X2kiOnsic2luZ2xlX2xpbmsiOiJ1cmw6aHR0cHMlM0ElMkYlMkZ3d3cuc3RhZHQtc2FsemJ1cmcuYXQlMkZrdWx0dXIlMkYiLCJzaW5nbGVfbGF5b3V0X21lZGlhX2l0ZW1zIjoibWVkaWF8Y3VzdG9tX2xpbmt8b3JpZ2luYWwsaWNvbiJ9LCIyODE0X2kiOnsic2luZ2xlX2xpbmsiOiJ1cmw6aHR0cHMlM0ElMkYlMkZ3d3cucmFpZmZlaXNlbi5hdCUyRmNsdWIlMkZkZSUyRmFrdHVlbGxlcy5odG1sIiwic2luZ2xlX2xheW91dF9tZWRpYV9pdGVtcyI6Im1lZGlhfGN1c3RvbV9saW5rfG9yaWdpbmFsLGljb24ifSwiMjgxM19pIjp7InNpbmdsZV9saW5rIjoidXJsOmh0dHBzJTNBJTJGJTJGd3d3LnNhbHpidXJnLWFsdHN0YWR0LmF0JTJGZGUiLCJzaW5nbGVfbGF5b3V0X21lZGlhX2l0ZW1zIjoibWVkaWF8Y3VzdG9tX2xpbmt8b3JpZ2luYWwsaWNvbiJ9LCI0MzA1X2kiOnsic2luZ2xlX2xpbmsiOiJ1cmw6aHR0cHMlM0ElMkYlMkZ3d3cuc25pcGVzLmNvbSUyRnx0YXJnZXQ6X2JsYW5rIiwic2luZ2xlX2ljb24iOiIiLCJzaW5nbGVfbGF5b3V0X21lZGlhX2l0ZW1zIjoibWVkaWF8Y3VzdG9tX2xpbmt8b3JpZ2luYWwsaWNvbiJ9LCI0Mjk3X2kiOnsic2luZ2xlX2xpbmsiOiJ1cmw6aHR0cCUzQSUyRiUyRnd3dy5yYWlmZmVpc2VuY2x1Yi5hdCUyRnNiZ3x0YXJnZXQ6X2JsYW5rIiwic2luZ2xlX2xheW91dF9tZWRpYV9pdGVtcyI6Im1lZGlhfGN1c3RvbV9saW5rfG9yaWdpbmFsLGljb24ifSwiNDI5OV9pIjp7InNpbmdsZV9saW5rIjoidXJsOmh0dHBzJTNBJTJGJTJGd3d3LnN0YWR0LXNhbHpidXJnLmF0JTJGa3VsdHVyJTJGfHRhcmdldDpfYmxhbmsiLCJzaW5nbGVfbGF5b3V0X21lZGlhX2l0ZW1zIjoibWVkaWF8Y3VzdG9tX2xpbmt8b3JpZ2luYWwsaWNvbiJ9LCI0MzAxX2kiOnsic2luZ2xlX2xpbmsiOiJ1cmw6aHR0cHMlM0ElMkYlMkZ3d3cuc2FsemJ1cmcuZ3YuYXQlMkZ0aGVtZW4lMkZrdWx0dXJ8dGFyZ2V0Ol9ibGFuayIsInNpbmdsZV9sYXlvdXRfbWVkaWFfaXRlbXMiOiJtZWRpYXxjdXN0b21fbGlua3xvcmlnaW5hbCxpY29uIn0sIjQzMDNfaSI6eyJzaW5nbGVfbGluayI6InVybDpodHRwcyUzQSUyRiUyRnd3dy5zaWdsLmJpbyUyRnx0YXJnZXQ6X2JsYW5rIiwic2luZ2xlX2xheW91dF9tZWRpYV9pdGVtcyI6Im1lZGlhfGN1c3RvbV9saW5rfG9yaWdpbmFsLGljb24ifSwiNDMwN19pIjp7InNpbmdsZV9saW5rIjoidXJsOmh0dHBzJTNBJTJGJTJGd3d3LndvZXJsZS5hdCUyRnx0YXJnZXQ6X2JsYW5rIiwic2luZ2xlX2xheW91dF9tZWRpYV9pdGVtcyI6Im1lZGlhfGN1c3RvbV9saW5rfG9yaWdpbmFsLGljb24ifSwiNDMxNV9pIjp7InNpbmdsZV9saW5rIjoidXJsOmh0dHBzJTNBJTJGJTJGd3d3LmJta29lcy5ndi5hdCUyRnx0YXJnZXQ6X2JsYW5rIiwic2luZ2xlX2xheW91dF9tZWRpYV9pdGVtcyI6Im1lZGlhfGN1c3RvbV9saW5rfG9yaWdpbmFsLGljb24ifSwiNDMzOV9pIjp7InNpbmdsZV9saW5rIjoidXJsOmh0dHBzJTNBJTJGJTJGYXQudXNlbWJhc3N5LmdvdiUyRnx0YXJnZXQ6X2JsYW5rIiwic2luZ2xlX2xheW91dF9tZWRpYV9pdGVtcyI6Im1lZGlhfGN1c3RvbV9saW5rfG9yaWdpbmFsLGljb24ifSwiNTc0NF9pIjp7InNpbmdsZV9saW5rIjoidXJsOmh0dHBzJTNBJTJGJTJGc2FsemJ1cmctdmVya2Voci5hdCIsInNpbmdsZV9sYXlvdXRfbWVkaWFfaXRlbXMiOiJtZWRpYXxjdXN0b21fbGlua3xvcmlnaW5hbCxpY29uIn0sIjU3MTFfaSI6eyJzaW5nbGVfbGluayI6InVybDpodHRwcyUzQSUyRiUyRm9lc3RyaWcudW0uZGslMkYiLCJzaW5nbGVfbGF5b3V0X21lZGlhX2l0ZW1zIjoibWVkaWF8Y3VzdG9tX2xpbmt8b3JpZ2luYWwsaWNvbiJ9LCI3MTYxX2kiOnsic2luZ2xlX2xpbmsiOiJ1cmw6aHR0cHMlM0ElMkYlMkZ3d3cuc2FsemJ1cmctYWx0c3RhZHQuYXQlMkZkZXx0YXJnZXQ6X2JsYW5rIn0sIjcyNDBfaSI6eyJzaW5nbGVfbGluayI6InVybDpodHRwcyUzQSUyRiUyRnd3dy5zYWx6YnVyZy1hbHRzdGFkdC5hdCUyRmRlfHRhcmdldDpfYmxhbmsifSwiNzUyOV9pIjp7InNpbmdsZV9saW5rIjoidXJsOmh0dHBzJTNBJTJGJTJGc2FsemJ1cmctdmVya2Voci5hdCUyRiJ9LCI3ODAxX2kiOnsic2luZ2xlX2xpbmsiOiJ1cmw6aHR0cHMlM0ElMkYlMkZ3d3cuNXNjaGFldHplLmF0JTJGfHRhcmdldDpfYmxhbmsifSwiNzg2Ml9pIjp7InNpbmdsZV9saW5rIjoidXJsOmh0dHBzJTNBJTJGJTJGd3d3LnRydW1lci5hdCUyRnx0YXJnZXQ6X2JsYW5rIn19&#8243;][\/vc_column][\/vc_row]<\/p>\n<\/div>","protected":false},"excerpt":{"rendered":"<p>[vc_row unlock_row_content=&#8220;yes&#8220; row_height_percent=&#8220;80&#8243; override_padding=&#8220;yes&#8220; h_padding=&#8220;0&#8243; top_padding=&#8220;0&#8243; bottom_padding=&#8220;0&#8243; back_image=&#8220;8966&#8243; overlay_alpha=&#8220;50&#8243; gutter_size=&#8220;3&#8243; column_width_percent=&#8220;100&#8243; shift_y=&#8220;0&#8243; z_index=&#8220;0&#8243; mobile_visibility=&#8220;yes&#8220; content_parallax=&#8220;0&#8243; uncode_shortcode_id=&#8220;155472&#8243; el_class=&#8220;extracontainer&#8220;][vc_column column_width_percent=&#8220;80&#8243; position_vertical=&#8220;bottom&#8220; gutter_size=&#8220;3&#8243; [&hellip;]<\/p>\n","protected":false},"author":2,"featured_media":0,"parent":0,"menu_order":0,"comment_status":"closed","ping_status":"closed","template":"","meta":{"footnotes":""},"class_list":["post-3449","page","type-page","status-publish","hentry"],"yoast_head":"<!-- This site is optimized with the Yoast SEO plugin v26.9 - https:\/\/yoast.com\/product\/yoast-seo-wordpress\/ -->\n<title>2026 Flavourama - Flavourama Battle<\/title>\n<meta name=\"robots\" content=\"index, follow, max-snippet:-1, max-image-preview:large, max-video-preview:-1\" \/>\n<link rel=\"canonical\" href=\"https:\/\/flavouramabattle.com\/de\/\" \/>\n<meta property=\"og:locale\" content=\"de_DE\" \/>\n<meta property=\"og:type\" content=\"article\" \/>\n<meta property=\"og:title\" content=\"2026 Flavourama - Flavourama Battle\" \/>\n<meta property=\"og:description\" content=\"[vc_row unlock_row_content=&#8220;yes&#8220; row_height_percent=&#8220;80&#8243; override_padding=&#8220;yes&#8220; h_padding=&#8220;0&#8243; top_padding=&#8220;0&#8243; bottom_padding=&#8220;0&#8243; back_image=&#8220;8966&#8243; overlay_alpha=&#8220;50&#8243; gutter_size=&#8220;3&#8243; column_width_percent=&#8220;100&#8243; shift_y=&#8220;0&#8243; z_index=&#8220;0&#8243; mobile_visibility=&#8220;yes&#8220; content_parallax=&#8220;0&#8243; uncode_shortcode_id=&#8220;155472&#8243; el_class=&#8220;extracontainer&#8220;][vc_column column_width_percent=&#8220;80&#8243; position_vertical=&#8220;bottom&#8220; gutter_size=&#8220;3&#8243; [&hellip;]\" \/>\n<meta property=\"og:url\" content=\"https:\/\/flavouramabattle.com\/de\/\" \/>\n<meta property=\"og:site_name\" content=\"Flavourama Battle\" \/>\n<meta property=\"article:modified_time\" content=\"2026-03-20T17:01:32+00:00\" \/>\n<meta property=\"og:image\" content=\"https:\/\/flavouramabattle.com\/wp-content\/uploads\/2025\/02\/Logo.png\" \/>\n\t<meta property=\"og:image:width\" content=\"360\" \/>\n\t<meta property=\"og:image:height\" content=\"256\" \/>\n\t<meta property=\"og:image:type\" content=\"image\/png\" \/>\n<meta name=\"twitter:card\" content=\"summary_large_image\" \/>\n<meta name=\"twitter:label1\" content=\"Gesch\u00e4tzte Lesezeit\" \/>\n\t<meta name=\"twitter:data1\" content=\"3\u00a0Minuten\" \/>\n<script type=\"application\/ld+json\" class=\"yoast-schema-graph\">{\"@context\":\"https:\/\/schema.org\",\"@graph\":[{\"@type\":\"WebPage\",\"@id\":\"https:\/\/flavouramabattle.com\/de\/\",\"url\":\"https:\/\/flavouramabattle.com\/de\/\",\"name\":\"2026 Flavourama - Flavourama Battle\",\"isPartOf\":{\"@id\":\"https:\/\/flavouramabattle.com\/de\/#website\"},\"datePublished\":\"2023-03-07T15:30:30+00:00\",\"dateModified\":\"2026-03-20T17:01:32+00:00\",\"breadcrumb\":{\"@id\":\"https:\/\/flavouramabattle.com\/de\/#breadcrumb\"},\"inLanguage\":\"de\",\"potentialAction\":[{\"@type\":\"ReadAction\",\"target\":[\"https:\/\/flavouramabattle.com\/de\/\"]}]},{\"@type\":\"BreadcrumbList\",\"@id\":\"https:\/\/flavouramabattle.com\/de\/#breadcrumb\",\"itemListElement\":[{\"@type\":\"ListItem\",\"position\":1,\"name\":\"Startseite\",\"item\":\"https:\/\/flavouramabattle.com\/de\/\"},{\"@type\":\"ListItem\",\"position\":2,\"name\":\"2026 Flavourama\"}]},{\"@type\":\"WebSite\",\"@id\":\"https:\/\/flavouramabattle.com\/de\/#website\",\"url\":\"https:\/\/flavouramabattle.com\/de\/\",\"name\":\"Flavourama Battle\",\"description\":\"\",\"potentialAction\":[{\"@type\":\"SearchAction\",\"target\":{\"@type\":\"EntryPoint\",\"urlTemplate\":\"https:\/\/flavouramabattle.com\/de\/?s={search_term_string}\"},\"query-input\":{\"@type\":\"PropertyValueSpecification\",\"valueRequired\":true,\"valueName\":\"search_term_string\"}}],\"inLanguage\":\"de\"}]}<\/script>\n<!-- \/ Yoast SEO plugin. -->","yoast_head_json":{"title":"2026 Flavourama - Flavourama Battle","robots":{"index":"index","follow":"follow","max-snippet":"max-snippet:-1","max-image-preview":"max-image-preview:large","max-video-preview":"max-video-preview:-1"},"canonical":"https:\/\/flavouramabattle.com\/de\/","og_locale":"de_DE","og_type":"article","og_title":"2026 Flavourama - Flavourama Battle","og_description":"[vc_row unlock_row_content=&#8220;yes&#8220; row_height_percent=&#8220;80&#8243; override_padding=&#8220;yes&#8220; h_padding=&#8220;0&#8243; top_padding=&#8220;0&#8243; bottom_padding=&#8220;0&#8243; back_image=&#8220;8966&#8243; overlay_alpha=&#8220;50&#8243; gutter_size=&#8220;3&#8243; column_width_percent=&#8220;100&#8243; shift_y=&#8220;0&#8243; z_index=&#8220;0&#8243; mobile_visibility=&#8220;yes&#8220; content_parallax=&#8220;0&#8243; uncode_shortcode_id=&#8220;155472&#8243; el_class=&#8220;extracontainer&#8220;][vc_column column_width_percent=&#8220;80&#8243; position_vertical=&#8220;bottom&#8220; gutter_size=&#8220;3&#8243; [&hellip;]","og_url":"https:\/\/flavouramabattle.com\/de\/","og_site_name":"Flavourama Battle","article_modified_time":"2026-03-20T17:01:32+00:00","og_image":[{"width":360,"height":256,"url":"https:\/\/flavouramabattle.com\/wp-content\/uploads\/2025\/02\/Logo.png","type":"image\/png"}],"twitter_card":"summary_large_image","twitter_misc":{"Gesch\u00e4tzte Lesezeit":"3\u00a0Minuten"},"schema":{"@context":"https:\/\/schema.org","@graph":[{"@type":"WebPage","@id":"https:\/\/flavouramabattle.com\/de\/","url":"https:\/\/flavouramabattle.com\/de\/","name":"2026 Flavourama - Flavourama Battle","isPartOf":{"@id":"https:\/\/flavouramabattle.com\/de\/#website"},"datePublished":"2023-03-07T15:30:30+00:00","dateModified":"2026-03-20T17:01:32+00:00","breadcrumb":{"@id":"https:\/\/flavouramabattle.com\/de\/#breadcrumb"},"inLanguage":"de","potentialAction":[{"@type":"ReadAction","target":["https:\/\/flavouramabattle.com\/de\/"]}]},{"@type":"BreadcrumbList","@id":"https:\/\/flavouramabattle.com\/de\/#breadcrumb","itemListElement":[{"@type":"ListItem","position":1,"name":"Startseite","item":"https:\/\/flavouramabattle.com\/de\/"},{"@type":"ListItem","position":2,"name":"2026 Flavourama"}]},{"@type":"WebSite","@id":"https:\/\/flavouramabattle.com\/de\/#website","url":"https:\/\/flavouramabattle.com\/de\/","name":"Flavourama Battle","description":"","potentialAction":[{"@type":"SearchAction","target":{"@type":"EntryPoint","urlTemplate":"https:\/\/flavouramabattle.com\/de\/?s={search_term_string}"},"query-input":{"@type":"PropertyValueSpecification","valueRequired":true,"valueName":"search_term_string"}}],"inLanguage":"de"}]}},"_links":{"self":[{"href":"https:\/\/flavouramabattle.com\/de\/wp-json\/wp\/v2\/pages\/3449","targetHints":{"allow":["GET"]}}],"collection":[{"href":"https:\/\/flavouramabattle.com\/de\/wp-json\/wp\/v2\/pages"}],"about":[{"href":"https:\/\/flavouramabattle.com\/de\/wp-json\/wp\/v2\/types\/page"}],"author":[{"embeddable":true,"href":"https:\/\/flavouramabattle.com\/de\/wp-json\/wp\/v2\/users\/2"}],"replies":[{"embeddable":true,"href":"https:\/\/flavouramabattle.com\/de\/wp-json\/wp\/v2\/comments?post=3449"}],"version-history":[{"count":111,"href":"https:\/\/flavouramabattle.com\/de\/wp-json\/wp\/v2\/pages\/3449\/revisions"}],"predecessor-version":[{"id":9298,"href":"https:\/\/flavouramabattle.com\/de\/wp-json\/wp\/v2\/pages\/3449\/revisions\/9298"}],"wp:attachment":[{"href":"https:\/\/flavouramabattle.com\/de\/wp-json\/wp\/v2\/media?parent=3449"}],"curies":[{"name":"wp","href":"https:\/\/api.w.org\/{rel}","templated":true}]}}